{"id":632,"date":"2023-08-31T10:10:38","date_gmt":"2023-08-31T10:10:38","guid":{"rendered":"https:\/\/kodiak.pt\/?page_id=632"},"modified":"2024-01-09T16:08:14","modified_gmt":"2024-01-09T16:08:14","slug":"sobrenos","status":"publish","type":"page","link":"https:\/\/kodiak.pt\/en\/sobrenos\/","title":{"rendered":"About Us"},"content":{"rendered":"<p>[et_pb_section fb_built=&#8221;1&#8243; _builder_version=&#8221;4.21.0&#8243; _module_preset=&#8221;default&#8221; background_color=&#8221;#000000&#8243; background_enable_image=&#8221;off&#8221; background_enable_video_mp4=&#8221;off&#8221; background_enable_video_webm=&#8221;off&#8221; vertical_offset=&#8221;-1vh&#8221; width=&#8221;100%&#8221; min_height=&#8221;800px&#8221; height=&#8221;100%&#8221; global_colors_info=&#8221;{}&#8221;][et_pb_row disabled_on=&#8221;on|off|off&#8221; _builder_version=&#8221;4.23.1&#8243; _module_preset=&#8221;default&#8221; background_enable_color=&#8221;off&#8221; background_image=&#8221;https:\/\/kodiak.pt\/wp-content\/uploads\/2023\/09\/BACK2_34.png&#8221; width=&#8221;100%&#8221; max_width=&#8221;100%&#8221; custom_margin=&#8221;100px|auto|63px|auto|false|false&#8221; custom_padding=&#8221;20px|20px|0px|20px|false|false&#8221; global_colors_info=&#8221;{}&#8221;][et_pb_column type=&#8221;4_4&#8243; _builder_version=&#8221;4.21.0&#8243; _module_preset=&#8221;default&#8221; global_colors_info=&#8221;{}&#8221;][et_pb_text _builder_version=&#8221;4.23.1&#8243; _module_preset=&#8221;default&#8221; text_font=&#8221;Prompt|300|||||||&#8221; text_text_color=&#8221;#FFFFFF&#8221; text_font_size=&#8221;16px&#8221; header_font=&#8221;Prompt|900||on||||#FFFFFF|&#8221; header_text_color=&#8221;#FFFFFF&#8221; header_font_size=&#8221;39px&#8221; header_letter_spacing=&#8221;1px&#8221; header_line_height=&#8221;1.4em&#8221; background_color=&#8221;RGBA(255,255,255,0)&#8221; background_enable_image=&#8221;off&#8221; background_repeat=&#8221;repeat&#8221; custom_margin=&#8221;0px|20px|0px|20px|false|false&#8221; custom_padding=&#8221;0px||0px||false|false&#8221; border_width_bottom=&#8221;2px&#8221; border_color_bottom=&#8221;#FFFFFF&#8221; global_colors_info=&#8221;{}&#8221;]<\/p>\n<h1>Sobre N\u00f3s<\/h1>\n<p>[\/et_pb_text][\/et_pb_column][\/et_pb_row][et_pb_row disabled_on=&#8221;off|on|on&#8221; _builder_version=&#8221;4.23.4&#8243; _module_preset=&#8221;default&#8221; background_enable_color=&#8221;off&#8221; background_image=&#8221;https:\/\/kodiak.pt\/wp-content\/uploads\/2023\/09\/BACK2_34.png&#8221; width=&#8221;100%&#8221; custom_margin=&#8221;100px|auto|63px|auto|false|false&#8221; custom_padding=&#8221;20px|20px|0px|20px|false|false&#8221; global_colors_info=&#8221;{}&#8221;][et_pb_column type=&#8221;4_4&#8243; _builder_version=&#8221;4.21.0&#8243; _module_preset=&#8221;default&#8221; global_colors_info=&#8221;{}&#8221;][et_pb_text _builder_version=&#8221;4.23.1&#8243; _module_preset=&#8221;default&#8221; text_font=&#8221;Prompt|300|||||||&#8221; text_text_color=&#8221;#FFFFFF&#8221; text_font_size=&#8221;16px&#8221; header_font=&#8221;Prompt|900||on||||#FFFFFF|&#8221; header_text_color=&#8221;#FFFFFF&#8221; header_font_size=&#8221;39px&#8221; header_letter_spacing=&#8221;1px&#8221; header_line_height=&#8221;1.4em&#8221; background_color=&#8221;RGBA(255,255,255,0)&#8221; background_enable_image=&#8221;off&#8221; background_repeat=&#8221;repeat&#8221; custom_margin=&#8221;0px|20px|0px|20px|false|false&#8221; custom_padding=&#8221;0px||0px||false|false&#8221; border_width_bottom=&#8221;2px&#8221; border_color_bottom=&#8221;#FFFFFF&#8221; global_colors_info=&#8221;{}&#8221;]<\/p>\n<h1>Sobre N\u00f3s<\/h1>\n<p>[\/et_pb_text][\/et_pb_column][\/et_pb_row][et_pb_row column_structure=&#8221;1_2,1_2&#8243; disabled_on=&#8221;on|off|off&#8221; _builder_version=&#8221;4.23.4&#8243; _module_preset=&#8221;default&#8221; background_enable_color=&#8221;off&#8221; background_image=&#8221;https:\/\/kodiak.pt\/wp-content\/uploads\/2023\/09\/BACK2_34.png&#8221; width=&#8221;100%&#8221; max_width=&#8221;1209px&#8221; custom_margin=&#8221;20px||||false|false&#8221; custom_padding=&#8221;20px|20px|0px|20px|false|false&#8221; global_colors_info=&#8221;{}&#8221;][et_pb_column type=&#8221;1_2&#8243; _builder_version=&#8221;4.21.0&#8243; _module_preset=&#8221;default&#8221; global_colors_info=&#8221;{}&#8221;][et_pb_image src=&#8221;https:\/\/kodiak.pt\/wp-content\/uploads\/2023\/11\/estacionario-scaled.jpg&#8221; title_text=&#8221;estacion\u00e1rio&#8221; _builder_version=&#8221;4.23.4&#8243; _module_preset=&#8221;default&#8221; width=&#8221;80%&#8221; custom_margin=&#8221;||||false|false&#8221; custom_padding=&#8221;|0px||0px||&#8221; global_colors_info=&#8221;{}&#8221;][\/et_pb_image][\/et_pb_column][et_pb_column type=&#8221;1_2&#8243; _builder_version=&#8221;4.23.1&#8243; _module_preset=&#8221;default&#8221; global_colors_info=&#8221;{}&#8221;][et_pb_text _builder_version=&#8221;4.23.1&#8243; _module_preset=&#8221;default&#8221; text_font=&#8221;Prompt|300|||||||&#8221; text_text_color=&#8221;#FFFFFF&#8221; text_font_size=&#8221;19px&#8221; text_line_height=&#8221;1.3em&#8221; header_font=&#8221;Prompt|900||on||||#FFFFFF|&#8221; header_text_color=&#8221;#FFFFFF&#8221; header_font_size=&#8221;50px&#8221; header_letter_spacing=&#8221;1px&#8221; header_line_height=&#8221;1.4em&#8221; background_color=&#8221;RGBA(255,255,255,0)&#8221; background_enable_image=&#8221;off&#8221; background_repeat=&#8221;repeat&#8221; custom_margin=&#8221;-10px|40px|0px|-114px|false|false&#8221; custom_padding=&#8221;32px||0px||false|false&#8221; border_color_bottom=&#8221;#FFFFFF&#8221; global_colors_info=&#8221;{}&#8221;]<\/p>\n<p>A <strong>KODIAK TBC<\/strong> \u00e9 uma empresa do ramo tecnol\u00f3gico que oferece solu\u00e7\u00f5es integradas nas \u00e1reas de <strong>WEB DESIGN, E-COMMERCE, HOSTING, SOCIAL MEDIA, CONSULTING, WEB SUPPORT, BRANDING E DESIGN<\/strong>. Mas n\u00e3o somos apenas uma empresa de tecnologia. Somos tamb\u00e9m uma empresa que incentiva o empreendedorismo.<\/p>\n<p>O nosso objetivo \u00e9 ajudar os empres\u00e1rios a criar e expandir os seus neg\u00f3cios online e offline. Estamos constantemente a procurar novas formas de apoiar empreendedores e ajuda-los a alcan\u00e7ar os seus objetivos, atrav\u00e9s de conte\u00fado educativo e inspirador e motivacional.<\/p>\n<p>[\/et_pb_text][\/et_pb_column][\/et_pb_row][et_pb_row use_custom_gutter=&#8221;on&#8221; make_equal=&#8221;on&#8221; disabled_on=&#8221;off|on|on&#8221; _builder_version=&#8221;4.23.4&#8243; _module_preset=&#8221;default&#8221; background_enable_color=&#8221;off&#8221; background_image=&#8221;https:\/\/kodiak.pt\/wp-content\/uploads\/2023\/09\/BACK2_34.png&#8221; width=&#8221;100%&#8221; max_width=&#8221;431px&#8221; custom_margin=&#8221;20px||||false|false&#8221; custom_padding=&#8221;20px|20px|0px|20px|false|false&#8221; global_colors_info=&#8221;{}&#8221;][et_pb_column type=&#8221;4_4&#8243; _builder_version=&#8221;4.21.0&#8243; _module_preset=&#8221;default&#8221; global_colors_info=&#8221;{}&#8221;][et_pb_image src=&#8221;https:\/\/kodiak.pt\/wp-content\/uploads\/2023\/11\/estacionario-scaled.jpg&#8221; title_text=&#8221;estacion\u00e1rio&#8221; align=&#8221;center&#8221; _builder_version=&#8221;4.23.4&#8243; _module_preset=&#8221;default&#8221; width=&#8221;80%&#8221; custom_margin=&#8221;||||false|false&#8221; custom_padding=&#8221;|0px||0px||&#8221; hover_enabled=&#8221;0&#8243; global_colors_info=&#8221;{}&#8221; sticky_enabled=&#8221;0&#8243;][\/et_pb_image][et_pb_text _builder_version=&#8221;4.23.4&#8243; _module_preset=&#8221;default&#8221; text_font=&#8221;Prompt|300|||||||&#8221; text_text_color=&#8221;#FFFFFF&#8221; text_font_size=&#8221;19px&#8221; text_line_height=&#8221;1.3em&#8221; header_font=&#8221;Prompt|900||on||||#FFFFFF|&#8221; header_text_color=&#8221;#FFFFFF&#8221; header_font_size=&#8221;50px&#8221; header_letter_spacing=&#8221;1px&#8221; header_line_height=&#8221;1.4em&#8221; background_color=&#8221;RGBA(255,255,255,0)&#8221; background_enable_image=&#8221;off&#8221; background_repeat=&#8221;repeat&#8221; custom_margin=&#8221;-10px||0px||false|false&#8221; custom_padding=&#8221;32px||0px||false|false&#8221; hover_enabled=&#8221;0&#8243; border_color_bottom=&#8221;#FFFFFF&#8221; global_colors_info=&#8221;{}&#8221; text_orientation=&#8221;center&#8221; sticky_enabled=&#8221;0&#8243;]<\/p>\n<p>A <strong>KODIAK TBC<\/strong> \u00e9 uma empresa do ramo tecnol\u00f3gico que oferece solu\u00e7\u00f5es integradas nas \u00e1reas de <strong>WEB DESIGN, E-COMMERCE, HOSTING, SOCIAL MEDIA, CONSULTING, WEB SUPPORT, BRANDING E DESIGN<\/strong>. Mas n\u00e3o somos apenas uma empresa de tecnologia. Somos tamb\u00e9m uma empresa que incentiva o empreendedorismo.<\/p>\n<p>O nosso objetivo \u00e9 ajudar os empres\u00e1rios a criar e expandir os seus neg\u00f3cios online e offline. Estamos constantemente a procurar novas formas de apoiar empreendedores e ajuda-los a alcan\u00e7ar os seus objetivos, atrav\u00e9s de conte\u00fado educativo e inspirador e motivacional.<\/p>\n<p>[\/et_pb_text][\/et_pb_column][\/et_pb_row][et_pb_row disabled_on=&#8221;off|off|off&#8221; _builder_version=&#8221;4.23.1&#8243; _module_preset=&#8221;default&#8221; background_enable_color=&#8221;off&#8221; background_image=&#8221;https:\/\/kodiak.pt\/wp-content\/uploads\/2023\/09\/BACK2_34.png&#8221; width=&#8221;100%&#8221; max_width=&#8221;100%&#8221; module_alignment=&#8221;center&#8221; custom_margin=&#8221;126px|auto||auto|false|false&#8221; custom_padding=&#8221;|20px|0px|20px|false|false&#8221; global_colors_info=&#8221;{}&#8221;][et_pb_column type=&#8221;4_4&#8243; _builder_version=&#8221;4.21.0&#8243; _module_preset=&#8221;default&#8221; global_colors_info=&#8221;{}&#8221;][et_pb_text _builder_version=&#8221;4.23.1&#8243; _module_preset=&#8221;default&#8221; text_font=&#8221;Prompt|300|||||||&#8221; text_text_color=&#8221;#FFFFFF&#8221; text_font_size=&#8221;19px&#8221; text_line_height=&#8221;1.3em&#8221; header_font=&#8221;Prompt|900||on||||#FFFFFF|&#8221; header_text_color=&#8221;#FFFFFF&#8221; header_font_size=&#8221;50px&#8221; header_letter_spacing=&#8221;1px&#8221; header_line_height=&#8221;1.4em&#8221; background_color=&#8221;RGBA(255,255,255,0)&#8221; background_enable_image=&#8221;off&#8221; background_repeat=&#8221;repeat&#8221; text_orientation=&#8221;center&#8221; custom_margin=&#8221;-10px|40px|0px|40px|false|false&#8221; custom_padding=&#8221;6px||0px||false|false&#8221; border_color_bottom=&#8221;#FFFFFF&#8221; global_colors_info=&#8221;{}&#8221;]<\/p>\n<p><span style=\"font-size: x-large;\">&#8220;Look up at the stars and not down at your feet. <\/span><br \/><span style=\"font-size: x-large;\">Try to make sense of what you see, and wonder about what makes the universe exist.<\/span><\/p>\n<p><strong style=\"font-weight: ultra; font-size: 50px;\">Be curious.&#8221;<\/strong><\/p>\n<div style=\"text-align: right; font-size: 12pt;\"><em>Stephen Hawking<\/em><\/div>\n<p>[\/et_pb_text][\/et_pb_column][\/et_pb_row][\/et_pb_section][et_pb_section fb_built=&#8221;1&#8243; _builder_version=&#8221;4.23.1&#8243; _module_preset=&#8221;default&#8221; background_color=&#8221;RGBA(255,255,255,0)&#8221; global_colors_info=&#8221;{}&#8221;][et_pb_row _builder_version=&#8221;4.23.1&#8243; _module_preset=&#8221;default&#8221; background_color=&#8221;RGBA(255,255,255,0)&#8221; background_video_mp4=&#8221;https:\/\/kodiak.pt\/wp-content\/uploads\/2023\/11\/V7-V2.mp4&#8243; background_video_webm=&#8221;https:\/\/kodiak.pt\/wp-content\/uploads\/2023\/11\/V7-V2.webm&#8221; background_video_height=&#8221;300&#8243; background_video_pause_outside_viewport=&#8221;off&#8221; width=&#8221;100%&#8221; max_width=&#8221;100%&#8221; height=&#8221;500px&#8221; global_colors_info=&#8221;{}&#8221;][et_pb_column type=&#8221;4_4&#8243; _builder_version=&#8221;4.23.1&#8243; _module_preset=&#8221;default&#8221; global_colors_info=&#8221;{}&#8221;][\/et_pb_column][\/et_pb_row][\/et_pb_section]<\/p>\n","protected":false},"excerpt":{"rendered":"<p>Sobre N\u00f3sSobre N\u00f3sA KODIAK TBC \u00e9 uma empresa do ramo tecnol\u00f3gico que oferece solu\u00e7\u00f5es integradas nas \u00e1reas de WEB DESIGN, E-COMMERCE, HOSTING, SOCIAL MEDIA, CONSULTING, WEB SUPPORT, BRANDING E DESIGN. Mas n\u00e3o somos apenas uma empresa de tecnologia. Somos tamb\u00e9m uma empresa que incentiva o empreendedorismo. O nosso objetivo \u00e9 ajudar os empres\u00e1rios a criar [&hellip;]<\/p>\n","protected":false},"author":1,"featured_media":0,"parent":0,"menu_order":0,"comment_status":"closed","ping_status":"closed","template":"","meta":{"_et_pb_use_builder":"on","_et_pb_old_content":"","_et_gb_content_width":"","inline_featured_image":false,"footnotes":""},"class_list":["post-632","page","type-page","status-publish","hentry"],"_links":{"self":[{"href":"https:\/\/kodiak.pt\/en\/wp-json\/wp\/v2\/pages\/632","targetHints":{"allow":["GET"]}}],"collection":[{"href":"https:\/\/kodiak.pt\/en\/wp-json\/wp\/v2\/pages"}],"about":[{"href":"https:\/\/kodiak.pt\/en\/wp-json\/wp\/v2\/types\/page"}],"author":[{"embeddable":true,"href":"https:\/\/kodiak.pt\/en\/wp-json\/wp\/v2\/users\/1"}],"replies":[{"embeddable":true,"href":"https:\/\/kodiak.pt\/en\/wp-json\/wp\/v2\/comments?post=632"}],"version-history":[{"count":120,"href":"https:\/\/kodiak.pt\/en\/wp-json\/wp\/v2\/pages\/632\/revisions"}],"predecessor-version":[{"id":1416,"href":"https:\/\/kodiak.pt\/en\/wp-json\/wp\/v2\/pages\/632\/revisions\/1416"}],"wp:attachment":[{"href":"https:\/\/kodiak.pt\/en\/wp-json\/wp\/v2\/media?parent=632"}],"curies":[{"name":"wp","href":"https:\/\/api.w.org\/{rel}","templated":true}]}}